{"id":920,"date":"2023-09-14T14:40:49","date_gmt":"2023-09-14T14:40:49","guid":{"rendered":"https:\/\/docurapid.com\/product\/servicio-de-entrega-internacional-de-dhl-comercial-residencial"},"modified":"2025-08-20T01:48:05","modified_gmt":"2025-08-20T01:48:05","slug":"usps-regular-express-domestic-delivery-service","status":"publish","type":"product","link":"https:\/\/docurapid.com\/es\/producto\/usps-regular-express-domestic-delivery-service","title":{"rendered":"Servicio de entrega Nacional de USPS Regular\/Urgente"},"content":{"rendered":"<p><b>Descargo de responsabilidad<\/b><span style=\"font-weight: 400;\">: Los costos de env\u00edo var\u00edan en funci\u00f3n de la zona de env\u00edo. Las zonas de env\u00edo son las \u00e1reas geogr\u00e1ficas a las que env\u00edan los transportistas. Los transportistas utilizan las zonas de env\u00edo para medir la distancia que recorre un paquete, no en millas, sino en grupos de c\u00f3digos postales, desde el punto de origen hasta el destino. Una vez que obtengamos esta informaci\u00f3n y la insertemos en nuestro sistema, le presentaremos la cotizaci\u00f3n de env\u00edo para su aprobaci\u00f3n. <\/span><\/p>","protected":false},"excerpt":{"rendered":"<p>eggwg<\/p>","protected":false},"featured_media":2138,"template":"","meta":{"_joinchat":[]},"product_brand":[],"product_cat":[56],"product_tag":[],"class_list":{"0":"post-920","1":"product","2":"type-product","3":"status-publish","4":"has-post-thumbnail","6":"product_cat-correspondence","8":"first","9":"instock","10":"shipping-taxable","11":"purchasable","12":"product-type-simple"},"_links":{"self":[{"href":"https:\/\/docurapid.com\/es\/wp-json\/wp\/v2\/product\/920","targetHints":{"allow":["GET"]}}],"collection":[{"href":"https:\/\/docurapid.com\/es\/wp-json\/wp\/v2\/product"}],"about":[{"href":"https:\/\/docurapid.com\/es\/wp-json\/wp\/v2\/types\/product"}],"version-history":[{"count":8,"href":"https:\/\/docurapid.com\/es\/wp-json\/wp\/v2\/product\/920\/revisions"}],"predecessor-version":[{"id":5129,"href":"https:\/\/docurapid.com\/es\/wp-json\/wp\/v2\/product\/920\/revisions\/5129"}],"wp:featuredmedia":[{"embeddable":true,"href":"https:\/\/docurapid.com\/es\/wp-json\/wp\/v2\/media\/2138"}],"wp:attachment":[{"href":"https:\/\/docurapid.com\/es\/wp-json\/wp\/v2\/media?parent=920"}],"wp:term":[{"taxonomy":"product_brand","embeddable":true,"href":"https:\/\/docurapid.com\/es\/wp-json\/wp\/v2\/product_brand?post=920"},{"taxonomy":"product_cat","embeddable":true,"href":"https:\/\/docurapid.com\/es\/wp-json\/wp\/v2\/product_cat?post=920"},{"taxonomy":"product_tag","embeddable":true,"href":"https:\/\/docurapid.com\/es\/wp-json\/wp\/v2\/product_tag?post=920"}],"curies":[{"name":"wp","href":"https:\/\/api.w.org\/{rel}","templated":true}]}}