{"id":918,"date":"2023-09-14T14:40:48","date_gmt":"2023-09-14T14:40:48","guid":{"rendered":"https:\/\/docurapid.com\/product\/redaccion-de-poderes-cartas-poderes-generalisimos-y-otros"},"modified":"2023-10-17T01:33:54","modified_gmt":"2023-10-17T01:33:54","slug":"drafting-of-powers-of-attorney-letters-of-attorney-generalissimo-faith-of-life-survivals-travel-permits-for-minors-and-others","status":"publish","type":"product","link":"https:\/\/docurapid.com\/es\/producto\/drafting-of-powers-of-attorney-letters-of-attorney-generalissimo-faith-of-life-survivals-travel-permits-for-minors-and-others","title":{"rendered":"Redacci\u00f3n de Poderes \/ Cartas Poderes \/ General\u00edsimos \/ Fe de\nVida \/ Supervivencias \/ Permisos de viaje de menores y Otros"},"content":{"rendered":"<ul>\n<li style=\"font-weight: 400;\" aria-level=\"1\"><span style=\"font-weight: 400;\">Elaboraci\u00f3n de poderes especiales\/ generales\/ General\u00edsimos.<\/span><\/li>\n<li style=\"font-weight: 400;\" aria-level=\"1\"><span style=\"font-weight: 400;\">Redacci\u00f3n, revisi\u00f3n, edici\u00f3n de permisos de viaje para menores.<\/span><\/li>\n<li style=\"font-weight: 400;\" aria-level=\"1\"><span style=\"font-weight: 400;\">Redacci\u00f3n de Fe de Vida \/ Supervivencia \/ Venias\/<\/span><\/li>\n<li style=\"font-weight: 400;\" aria-level=\"1\"><span style=\"font-weight: 400;\">Redacci\u00f3n, revisi\u00f3n, edici\u00f3n de declaraciones \/ Certificados de domicilio \/ Residencia.<\/span><\/li>\n<li style=\"font-weight: 400;\" aria-level=\"1\"><span style=\"font-weight: 400;\">Servicio de Apostille para cualquiera de los anteriores documentos.<\/span><\/li>\n<\/ul>","protected":false},"excerpt":{"rendered":"<p>Nos especializamos en la elaboracion de Poderes para facilitar todos sus procesos<\/p>","protected":false},"featured_media":516,"template":"","meta":{"_joinchat":[]},"product_brand":[],"product_cat":[55],"product_tag":[],"class_list":{"0":"post-918","1":"product","2":"type-product","3":"status-publish","4":"has-post-thumbnail","6":"product_cat-editorials-elaborations","8":"first","9":"instock","10":"shipping-taxable","11":"purchasable","12":"product-type-simple"},"_links":{"self":[{"href":"https:\/\/docurapid.com\/es\/wp-json\/wp\/v2\/product\/918","targetHints":{"allow":["GET"]}}],"collection":[{"href":"https:\/\/docurapid.com\/es\/wp-json\/wp\/v2\/product"}],"about":[{"href":"https:\/\/docurapid.com\/es\/wp-json\/wp\/v2\/types\/product"}],"version-history":[{"count":7,"href":"https:\/\/docurapid.com\/es\/wp-json\/wp\/v2\/product\/918\/revisions"}],"predecessor-version":[{"id":3106,"href":"https:\/\/docurapid.com\/es\/wp-json\/wp\/v2\/product\/918\/revisions\/3106"}],"wp:featuredmedia":[{"embeddable":true,"href":"https:\/\/docurapid.com\/es\/wp-json\/wp\/v2\/media\/516"}],"wp:attachment":[{"href":"https:\/\/docurapid.com\/es\/wp-json\/wp\/v2\/media?parent=918"}],"wp:term":[{"taxonomy":"product_brand","embeddable":true,"href":"https:\/\/docurapid.com\/es\/wp-json\/wp\/v2\/product_brand?post=918"},{"taxonomy":"product_cat","embeddable":true,"href":"https:\/\/docurapid.com\/es\/wp-json\/wp\/v2\/product_cat?post=918"},{"taxonomy":"product_tag","embeddable":true,"href":"https:\/\/docurapid.com\/es\/wp-json\/wp\/v2\/product_tag?post=918"}],"curies":[{"name":"wp","href":"https:\/\/api.w.org\/{rel}","templated":true}]}}