{"id":908,"date":"2023-09-14T14:40:45","date_gmt":"2023-09-14T14:40:45","guid":{"rendered":"https:\/\/docurapid.com\/product\/traducciones-profesionales"},"modified":"2025-08-20T00:23:49","modified_gmt":"2025-08-20T00:23:49","slug":"professional-translations","status":"publish","type":"product","link":"https:\/\/docurapid.com\/es\/producto\/professional-translations","title":{"rendered":"Traducci\u00f3n Profesional \/ Servicios Gubernamentales"},"content":{"rendered":"<div class=\"ewa-rteLine\">Como miembros de la American Translators Association (ATA), brindamos traducciones en diferentes idiomas, tenemos amplia experiencia en traducciones para: el Servicio de Inmigraci\u00f3n y Naturalizaci\u00f3n, Tribunales de los Estados Unidos, otras Agencias Federales y Estatales, Consulados de otros pa\u00edses en los Estados Unidos, Grandes y peque\u00f1as Corporaciones ubicadas en Estados Unidos e internacionalmente, entre otras.<\/div>\n<div><\/div>\n<p>Le estaremos proporcionando instrucciones precisas para procesar su documento.<\/p>","protected":false},"excerpt":{"rendered":"<p>As members of the American Translators Association (ATA), we provide translations in different languages, we have extensive experience in translations for: the Immigration and Naturalization Service, U.S. Courts, other Federal and State Agencies, Consulates of other countries in the United States, large and small Corporations located in the U.S. and internationally, among others. We will [&hellip;]<\/p>\n","protected":false},"featured_media":2136,"template":"","meta":{"_joinchat":[]},"product_brand":[],"product_cat":[50],"product_tag":[],"class_list":{"0":"post-908","1":"product","2":"type-product","3":"status-publish","4":"has-post-thumbnail","6":"product_cat-premium-service","8":"first","9":"instock","10":"shipping-taxable","11":"purchasable","12":"product-type-variable"},"_links":{"self":[{"href":"https:\/\/docurapid.com\/es\/wp-json\/wp\/v2\/product\/908","targetHints":{"allow":["GET"]}}],"collection":[{"href":"https:\/\/docurapid.com\/es\/wp-json\/wp\/v2\/product"}],"about":[{"href":"https:\/\/docurapid.com\/es\/wp-json\/wp\/v2\/types\/product"}],"version-history":[{"count":23,"href":"https:\/\/docurapid.com\/es\/wp-json\/wp\/v2\/product\/908\/revisions"}],"predecessor-version":[{"id":5122,"href":"https:\/\/docurapid.com\/es\/wp-json\/wp\/v2\/product\/908\/revisions\/5122"}],"wp:featuredmedia":[{"embeddable":true,"href":"https:\/\/docurapid.com\/es\/wp-json\/wp\/v2\/media\/2136"}],"wp:attachment":[{"href":"https:\/\/docurapid.com\/es\/wp-json\/wp\/v2\/media?parent=908"}],"wp:term":[{"taxonomy":"product_brand","embeddable":true,"href":"https:\/\/docurapid.com\/es\/wp-json\/wp\/v2\/product_brand?post=908"},{"taxonomy":"product_cat","embeddable":true,"href":"https:\/\/docurapid.com\/es\/wp-json\/wp\/v2\/product_cat?post=908"},{"taxonomy":"product_tag","embeddable":true,"href":"https:\/\/docurapid.com\/es\/wp-json\/wp\/v2\/product_tag?post=908"}],"curies":[{"name":"wp","href":"https:\/\/api.w.org\/{rel}","templated":true}]}}