{"id":3822,"date":"2024-02-09T01:19:43","date_gmt":"2024-02-09T01:19:43","guid":{"rendered":"https:\/\/docurapid.com\/?post_type=product&#038;p=3822"},"modified":"2024-02-09T13:44:38","modified_gmt":"2024-02-09T13:44:38","slug":"professional-services-fdle","status":"publish","type":"product","link":"https:\/\/docurapid.com\/es\/producto\/professional-services-fdle","title":{"rendered":"Servicios Profesionales FDLE"},"content":{"rendered":"<p class=\"translation-block\">DOCURAPID\u00ae est\u00e1 debidamente autorizado para capturar sus huellas dactilares FBI, FDLE, DBPR, FINRA en el coraz\u00f3n de Coral Gables, Miami, Florida. Contamos con la \u00faltima tecnolog\u00eda que actualmente utiliza el FBI, el FDLE y el Departamento de Polic\u00eda de Miami Dade para capturar la informaci\u00f3n de sus huellas digitales. Nuestros equipos son fabricados y mantenidos por expertos para garantizar que funcionen al m\u00e1ximo nivel de eficiencia<\/p>","protected":false},"excerpt":{"rendered":"<p>DOCURAPID\u00ae is duly licensed to capture your FBI, FDLE, DBPR, FINRA fingerprints in the heart of Coral Gables, Miami, Florida. We have the latest technology currently used by the FBI, FDLE and Miami Dade Police Department to capture your fingerprint information. Our equipment is expertly manufactured and maintained to ensure that it operates at the [&hellip;]<\/p>\n","protected":false},"featured_media":3823,"template":"","meta":{"_joinchat":[]},"product_brand":[],"product_cat":[51],"product_tag":[],"class_list":{"0":"post-3822","1":"product","2":"type-product","3":"status-publish","4":"has-post-thumbnail","6":"product_cat-apostille-service","8":"first","9":"instock","10":"shipping-taxable","11":"purchasable","12":"product-type-simple"},"_links":{"self":[{"href":"https:\/\/docurapid.com\/es\/wp-json\/wp\/v2\/product\/3822","targetHints":{"allow":["GET"]}}],"collection":[{"href":"https:\/\/docurapid.com\/es\/wp-json\/wp\/v2\/product"}],"about":[{"href":"https:\/\/docurapid.com\/es\/wp-json\/wp\/v2\/types\/product"}],"version-history":[{"count":3,"href":"https:\/\/docurapid.com\/es\/wp-json\/wp\/v2\/product\/3822\/revisions"}],"predecessor-version":[{"id":3846,"href":"https:\/\/docurapid.com\/es\/wp-json\/wp\/v2\/product\/3822\/revisions\/3846"}],"wp:featuredmedia":[{"embeddable":true,"href":"https:\/\/docurapid.com\/es\/wp-json\/wp\/v2\/media\/3823"}],"wp:attachment":[{"href":"https:\/\/docurapid.com\/es\/wp-json\/wp\/v2\/media?parent=3822"}],"wp:term":[{"taxonomy":"product_brand","embeddable":true,"href":"https:\/\/docurapid.com\/es\/wp-json\/wp\/v2\/product_brand?post=3822"},{"taxonomy":"product_cat","embeddable":true,"href":"https:\/\/docurapid.com\/es\/wp-json\/wp\/v2\/product_cat?post=3822"},{"taxonomy":"product_tag","embeddable":true,"href":"https:\/\/docurapid.com\/es\/wp-json\/wp\/v2\/product_tag?post=3822"}],"curies":[{"name":"wp","href":"https:\/\/api.w.org\/{rel}","templated":true}]}}