{"id":2197,"date":"2023-10-09T21:56:05","date_gmt":"2023-10-09T21:56:05","guid":{"rendered":"https:\/\/docurapid.com\/?post_type=product&#038;p=2197"},"modified":"2023-10-17T01:33:55","modified_gmt":"2023-10-17T01:33:55","slug":"expedited-passports","status":"publish","type":"product","link":"https:\/\/docurapid.com\/es\/producto\/expedited-passports","title":{"rendered":"Pasaportes Urgentes"},"content":{"rendered":"<p><span style=\"font-weight: 400;\">Tramitamos pasaportes estadounidenses r\u00e1pidamente, ya sea por primera vez o para renovaci\u00f3n, (Solo realizamos el tr\u00e1mite de manera expedita)<\/span><\/p>\n<ul>\n<li style=\"font-weight: 400;\" aria-level=\"1\"><span style=\"font-weight: 400;\">Renovaci\u00f3n de adultos\u00a0<\/span><\/li>\n<li style=\"font-weight: 400;\" aria-level=\"1\"><span style=\"font-weight: 400;\">Renovaciones menores de 15 a\u00f1os\u00a0<\/span><\/li>\n<li style=\"font-weight: 400;\" aria-level=\"1\"><span style=\"font-weight: 400;\">Obtener US pasaportes para adultos y ni\u00f1os menores de 15 a\u00f1os por primera vez.<\/span><\/li>\n<\/ul>\n<p><span style=\"font-weight: 400;\">Tiempo de procesamiento: 10 a 12 d\u00edas h\u00e1biles (en alta temporada)<\/span><\/p>\n<p><span style=\"font-weight: 400;\">Nota: Para clientes que renuevan pasaportes, al momento de la cita, deben traer lo siguiente:<\/span><\/p>\n<ul>\n<li style=\"font-weight: 400;\" aria-level=\"1\"><span style=\"font-weight: 400;\">Certificado de nacimiento original de EE. UU.\u00a0<\/span><\/li>\n<li style=\"font-weight: 400;\" aria-level=\"1\"><span style=\"font-weight: 400;\">Copia certificada del certificado de nacimiento de EE. UU, (Si aplica)<\/span><\/li>\n<li style=\"font-weight: 400;\" aria-level=\"1\"><span style=\"font-weight: 400;\">Un pasaporte estadounidense anterior (expir\u00f3 en m\u00e1s de 5 a\u00f1os)\u00a0<\/span><\/li>\n<li style=\"font-weight: 400;\" aria-level=\"1\"><span style=\"font-weight: 400;\">Certificado de naturalizaci\u00f3n original, (si aplica)<\/span><\/li>\n<li style=\"font-weight: 400;\" aria-level=\"1\"><span style=\"font-weight: 400;\">Dos fotograf\u00edas tama\u00f1o pasaporte (2x2)\u00a0<\/span><\/li>\n<li style=\"font-weight: 400;\" aria-level=\"1\"><span style=\"font-weight: 400;\">Licencia de conducir v\u00e1lida o identificaci\u00f3n estatal emitida hace m\u00e1s de 6 meses.\u00a0<\/span><\/li>\n<\/ul>\n<p>&nbsp;<\/p>\n<p><strong>Le estaremos proporcionando instrucciones precisas para procesar su documento.<\/strong><\/p>","protected":false},"excerpt":{"rendered":"<p>We process US passports quickly, either for the first time or for renewal, (We only carry out the process in an expedited manner) Adult Renewal\u00a0 Renewals under 15 years old\u00a0 Obtaining US passports for adults and children under 15 for the first time Processing time: 10 to 12 business days (During high season) Note: For [&hellip;]<\/p>\n","protected":false},"featured_media":2132,"template":"","meta":{"_joinchat":[]},"product_brand":[],"product_cat":[54],"product_tag":[],"class_list":{"0":"post-2197","1":"product","2":"type-product","3":"status-publish","4":"has-post-thumbnail","6":"product_cat-other-services","8":"first","9":"instock","10":"virtual","11":"purchasable","12":"product-type-simple"},"_links":{"self":[{"href":"https:\/\/docurapid.com\/es\/wp-json\/wp\/v2\/product\/2197","targetHints":{"allow":["GET"]}}],"collection":[{"href":"https:\/\/docurapid.com\/es\/wp-json\/wp\/v2\/product"}],"about":[{"href":"https:\/\/docurapid.com\/es\/wp-json\/wp\/v2\/types\/product"}],"version-history":[{"count":6,"href":"https:\/\/docurapid.com\/es\/wp-json\/wp\/v2\/product\/2197\/revisions"}],"predecessor-version":[{"id":3129,"href":"https:\/\/docurapid.com\/es\/wp-json\/wp\/v2\/product\/2197\/revisions\/3129"}],"wp:featuredmedia":[{"embeddable":true,"href":"https:\/\/docurapid.com\/es\/wp-json\/wp\/v2\/media\/2132"}],"wp:attachment":[{"href":"https:\/\/docurapid.com\/es\/wp-json\/wp\/v2\/media?parent=2197"}],"wp:term":[{"taxonomy":"product_brand","embeddable":true,"href":"https:\/\/docurapid.com\/es\/wp-json\/wp\/v2\/product_brand?post=2197"},{"taxonomy":"product_cat","embeddable":true,"href":"https:\/\/docurapid.com\/es\/wp-json\/wp\/v2\/product_cat?post=2197"},{"taxonomy":"product_tag","embeddable":true,"href":"https:\/\/docurapid.com\/es\/wp-json\/wp\/v2\/product_tag?post=2197"}],"curies":[{"name":"wp","href":"https:\/\/api.w.org\/{rel}","templated":true}]}}