{"id":5515,"date":"2025-12-02T00:39:59","date_gmt":"2025-12-02T00:39:59","guid":{"rendered":"https:\/\/docurapid.com\/?page_id=5515"},"modified":"2025-12-02T00:52:44","modified_gmt":"2025-12-02T00:52:44","slug":"immigration-forensic-clinical-evaluations","status":"publish","type":"page","link":"https:\/\/docurapid.com\/es\/immigration-forensic-clinical-evaluations","title":{"rendered":"Immigration &#038; Forensic Clinical Evaluations"},"content":{"rendered":"<div data-elementor-type=\"wp-page\" data-elementor-id=\"5515\" class=\"elementor elementor-5515\" data-elementor-post-type=\"page\">\n\t\t\t\t<div class=\"elementor-element elementor-element-c5e53b4 e-flex e-con-boxed e-con e-parent\" data-id=\"c5e53b4\" data-element_type=\"container\" data-e-type=\"container\" data-settings=\"{&quot;background_background&quot;:&quot;classic&quot;}\">\n\t\t\t\t\t<div class=\"e-con-inner\">\n\t\t<div class=\"elementor-element elementor-element-2bca224 e-flex e-con-boxed e-con e-child\" data-id=\"2bca224\" data-element_type=\"container\" data-e-type=\"container\" data-settings=\"{&quot;background_background&quot;:&quot;classic&quot;}\">\n\t\t\t\t\t<div class=\"e-con-inner\">\n\t\t\t\t<div class=\"elementor-element elementor-element-6a2f036 elementor-widget elementor-widget-heading\" data-id=\"6a2f036\" data-element_type=\"widget\" data-e-type=\"widget\" data-widget_type=\"heading.default\">\n\t\t\t\t<div class=\"elementor-widget-container\">\n\t\t\t\t\t<h2 class=\"elementor-heading-title elementor-size-default\">Inmigraci\u00f3n &amp; Evaluaciones Cl\u00ednicas Forenses<\/h2>\t\t\t\t<\/div>\n\t\t\t\t<\/div>\n\t\t\t\t<div class=\"elementor-element elementor-element-e8fb07b elementor-widget elementor-widget-text-editor\" data-id=\"e8fb07b\" data-element_type=\"widget\" data-e-type=\"widget\" data-widget_type=\"text-editor.default\">\n\t\t\t\t<div class=\"elementor-widget-container\">\n\t\t\t\t\t\t\t\t\t<p><em>Informadas sobre el Trauma \u2022 Culturalmente Competentes \u2022 Basadas en la Evidencia \u2022 Biling\u00fces (ingl\u00e9s\/espa\u00f1ol)<\/em><\/p><p><span style=\"font-weight: 400;\">En DocuRapid, ofrecemos evaluaciones psicosociales integrales y basadas en el trauma, adaptadas a los contextos de Inmigraci\u00f3n y Forenses. Nuestras evaluaciones son realizadas por un profesional cl\u00ednico con licencia y formaci\u00f3n avanzada en trauma, poblaciones inmigrantes y evaluaciones basadas en la inmigraci\u00f3n.<\/span><\/p><p><span style=\"font-weight: 400;\">Todas las evaluaciones <\/span><b>cumplen plenamente con los requisitos del USCIS<\/b><span style=\"font-weight: 400;\">, y colaboramos directamente con abogados para garantizar que los informes cumplan con los est\u00e1ndares cl\u00ednicos, \u00e9ticos y probatorios.<\/span><\/p>\t\t\t\t\t\t\t\t<\/div>\n\t\t\t\t<\/div>\n\t\t\t\t<div class=\"elementor-element elementor-element-5bb436c elementor-widget elementor-widget-heading\" data-id=\"5bb436c\" data-element_type=\"widget\" data-e-type=\"widget\" data-widget_type=\"heading.default\">\n\t\t\t\t<div class=\"elementor-widget-container\">\n\t\t\t\t\t<h2 class=\"elementor-heading-title elementor-size-default\">\nEVALUACIONES RELACIONADAS CON LA INMIGRACI\u00d3N\n<\/h2>\t\t\t\t<\/div>\n\t\t\t\t<\/div>\n\t\t\t\t<div class=\"elementor-element elementor-element-59b5910 elementor-widget elementor-widget-text-editor\" data-id=\"59b5910\" data-element_type=\"widget\" data-e-type=\"widget\" data-widget_type=\"text-editor.default\">\n\t\t\t\t<div class=\"elementor-widget-container\">\n\t\t\t\t\t\t\t\t\t<p><b>Evaluaci\u00f3n de Asilo (I-589)<\/b><\/p><p><span style=\"font-weight: 400;\">Una evaluaci\u00f3n cl\u00ednica integral que documenta el historial de trauma, las experiencias de persecuci\u00f3n, la presentaci\u00f3n de s\u00edntomas y el impacto psicol\u00f3gico. Incluye una entrevista cl\u00ednica estructurada y herramientas estandarizadas de detecci\u00f3n de s\u00edntomas, seg\u00fan corresponda.<\/span><\/p><p><b>Evaluaci\u00f3n VAWA<\/b><\/p><p><span style=\"font-weight: 400;\">Evaluaci\u00f3n basada en el trauma que documenta el da\u00f1o emocional, psicol\u00f3gico y relacional resultante del abuso, el control coercitivo y la violencia de pareja. Incluye selecci\u00f3n de s\u00edntomas de trauma y documentaci\u00f3n narrativa detallada.<\/span><\/p><p><b>Evaluaci\u00f3n de Exenci\u00f3n por Dificultades (I-601 \/ I-601A \/ I-212)<\/b><\/p><p><span style=\"font-weight: 400;\">Evaluaci\u00f3n de las dificultades psicol\u00f3gicas, emocionales, m\u00e9dicas, econ\u00f3micas, familiares y culturales que pueden sufrir los familiares que re\u00fanen los requisitos si se deniega la entrada al solicitante o se le expulsa de los Estados Unidos.<\/span><\/p><p><b>Evaluaci\u00f3n Psicosocial General de Inmigraci\u00f3n<\/b><\/p><p><span style=\"font-weight: 400;\">Evaluaci\u00f3n psicosocial completa para casos de inmigraci\u00f3n que impliquen dificultades, exposici\u00f3n a traumas, impacto familiar o angustia emocional cr\u00f3nica.<\/span><\/p>\t\t\t\t\t\t\t\t<\/div>\n\t\t\t\t<\/div>\n\t\t\t\t<div class=\"elementor-element elementor-element-8bd5667 elementor-widget elementor-widget-heading\" data-id=\"8bd5667\" data-element_type=\"widget\" data-e-type=\"widget\" data-widget_type=\"heading.default\">\n\t\t\t\t<div class=\"elementor-widget-container\">\n\t\t\t\t\t<h2 class=\"elementor-heading-title elementor-size-default\">SERVICIOS CL\u00cdNICOS ADICIONALES RELACIONADOS CON LA INMIGRACI\u00d3N\n<\/h2>\t\t\t\t<\/div>\n\t\t\t\t<\/div>\n\t\t\t\t<div class=\"elementor-element elementor-element-0e70c84 elementor-widget elementor-widget-text-editor\" data-id=\"0e70c84\" data-element_type=\"widget\" data-e-type=\"widget\" data-widget_type=\"text-editor.default\">\n\t\t\t\t<div class=\"elementor-widget-container\">\n\t\t\t\t\t\t\t\t\t<p><b>Sesi\u00f3n de Entrevista Familiar \/ Conjunta<\/b><\/p><p><span style=\"font-weight: 400;\">Entrevista colateral con el c\u00f3nyuge, la pareja o un miembro de la familia para recabar informaci\u00f3n adicional sobre las dificultades o el contexto relacional.<\/span><\/p><p><b>Sesi\u00f3n de Entrevista Compleja o Ampliada<\/b><\/p><p><span style=\"font-weight: 400;\">Sesi\u00f3n adicional opcional para historias de traumas complejos, aclaraciones adicionales o documentaci\u00f3n ampliada.<\/span><\/p><p><b>Anexo\/Revisi\u00f3n del Informe de Inmigraci\u00f3n<\/b><\/p><p><span style=\"font-weight: 400;\">Anexo cl\u00ednico para actualizar un informe existente bas\u00e1ndose en nueva informaci\u00f3n o en solicitudes del abogado.<\/span><\/p>\t\t\t\t\t\t\t\t<\/div>\n\t\t\t\t<\/div>\n\t\t\t\t<div class=\"elementor-element elementor-element-243c6bf elementor-widget elementor-widget-heading\" data-id=\"243c6bf\" data-element_type=\"widget\" data-e-type=\"widget\" data-widget_type=\"heading.default\">\n\t\t\t\t<div class=\"elementor-widget-container\">\n\t\t\t\t\t<h2 class=\"elementor-heading-title elementor-size-default\">EVALUACIONES FORENSES Y CL\u00cdNICAS NO RELACIONADAS CON LA INMIGRACI\u00d3N\n\n<\/h2>\t\t\t\t<\/div>\n\t\t\t\t<\/div>\n\t\t\t\t<div class=\"elementor-element elementor-element-a163653 elementor-widget elementor-widget-text-editor\" data-id=\"a163653\" data-element_type=\"widget\" data-e-type=\"widget\" data-widget_type=\"text-editor.default\">\n\t\t\t\t<div class=\"elementor-widget-container\">\n\t\t\t\t\t\t\t\t\t<p><i><span style=\"font-weight: 400;\">(Disponible para abogados, agencias y clientes privados)<\/span><\/i><\/p><p><b>Evaluaci\u00f3n Forense de Traumas (civil \/ violencia dom\u00e9stica \/ penal)<\/b><\/p><p><span style=\"font-weight: 400;\">Evaluaci\u00f3n integral centrada en el trauma que incluye una entrevista estructurada, revisi\u00f3n del historial y evaluaci\u00f3n cl\u00ednica de los s\u00edntomas relacionados con el trauma.<\/span><\/p><p><b>Evaluaci\u00f3n del Impacto Psicol\u00f3gico (civil\/laboral)<\/b><\/p><p><span style=\"font-weight: 400;\">Eval\u00faa el da\u00f1o emocional y psicol\u00f3gico relacionado con la discriminaci\u00f3n, el acoso laboral, la violencia o las lesiones personales.<\/span><\/p><p><b>Evaluaci\u00f3n de Atenuantes Penales<\/b><\/p><p><span style=\"font-weight: 400;\">Examina el historial de trauma, el funcionamiento psicosocial, los factores de desarrollo y el potencial de rehabilitaci\u00f3n relevantes para la mitigaci\u00f3n de la sentencia.<\/span><\/p><p><b>Evaluaci\u00f3n de la Crianza de los Hijos y el Funcionamiento Familiar (sin custodia)<\/b><\/p><p><span style=\"font-weight: 400;\">Eval\u00faa la salud mental de los padres, el funcionamiento emocional, la capacidad de afrontamiento y la din\u00e1mica familiar. (No incluye recomendaciones sobre la custodia o el tiempo compartido). <\/span><i><span style=\"font-weight: 400;\">(Does not include custody or time-sharing recommendations.)<\/span><\/i><\/p><p><b>Evaluaci\u00f3n del Trauma Infantil\/impacto en el ni\u00f1o<\/b><\/p><p><span style=\"font-weight: 400;\">Evaluaci\u00f3n adecuada a la edad que explora la exposici\u00f3n al trauma, los s\u00edntomas emocionales, los problemas de comportamiento y el impacto en el desarrollo o la familia.<\/span><\/p><p><b>Evaluaci\u00f3n del Consumo de Sustancias y Trastornos Concurrentes<\/b><\/p><p><span style=\"font-weight: 400;\">Evaluaci\u00f3n cl\u00ednica de los patrones de consumo de sustancias, los s\u00edntomas concurrentes, los factores de riesgo y las necesidades de tratamiento.<\/span><\/p><p><b>Evaluaci\u00f3n de la Aptitud para el Tratamiento<\/b><\/p><p><span style=\"font-weight: 400;\">Determina la preparaci\u00f3n y la idoneidad para la terapia, el control de la ira, la intervenci\u00f3n en casos de violencia dom\u00e9stica o los programas de consumo de sustancias.<\/span><\/p><p><b>Declaraci\u00f3n Cl\u00ednica Sobre el Impacto en la V\u00edctima<\/b><\/p><p><span style=\"font-weight: 400;\">Resumen cl\u00ednico conciso por escrito del da\u00f1o emocional y psicol\u00f3gico para contextos legales cuando no se requiere una evaluaci\u00f3n completa.<\/span><\/p>\t\t\t\t\t\t\t\t<\/div>\n\t\t\t\t<\/div>\n\t\t\t\t<div class=\"elementor-element elementor-element-0dee4bd elementor-widget elementor-widget-heading\" data-id=\"0dee4bd\" data-element_type=\"widget\" data-e-type=\"widget\" data-widget_type=\"heading.default\">\n\t\t\t\t<div class=\"elementor-widget-container\">\n\t\t\t\t\t<h2 class=\"elementor-heading-title elementor-size-default\">HERRAMIENTAS DE EVALUACI\u00d3N Y MEDIDAS QUE PODEMOS UTILIZAR\n<\/h2>\t\t\t\t<\/div>\n\t\t\t\t<\/div>\n\t\t\t\t<div class=\"elementor-element elementor-element-bd5e7c1 elementor-widget elementor-widget-text-editor\" data-id=\"bd5e7c1\" data-element_type=\"widget\" data-e-type=\"widget\" data-widget_type=\"text-editor.default\">\n\t\t\t\t<div class=\"elementor-widget-container\">\n\t\t\t\t\t\t\t\t\t<p><i><span style=\"font-weight: 400;\">(Todo ello dentro del \u00e1mbito de competencia de un m\u00e9dico titulado, sin pruebas psicol\u00f3gicas ni neuropsicol\u00f3gicas)<\/span><\/i><\/p><p class=\"translation-block\"><span style=\"font-weight: 400\">We may incorporate <\/span><b>herramientas de detecci\u00f3n de s\u00edntomas validadas,<\/b><span style=\"font-weight: 400\"> tales como:<\/span><\/p><ul><li style=\"font-weight: 400;\" aria-level=\"1\"><span style=\"font-weight: 400;\">Inventarios de s\u00edntomas de trauma<\/span><\/li><li style=\"font-weight: 400;\" aria-level=\"1\"><span style=\"font-weight: 400;\">Medidas de detecci\u00f3n de ansiedad, depresi\u00f3n y trastorno por estr\u00e9s postraum\u00e1tico<\/span><\/li><li style=\"font-weight: 400;\" aria-level=\"1\"><span style=\"font-weight: 400;\">Escalas de estr\u00e9s, adaptaci\u00f3n y funcionamiento<\/span><\/li><li style=\"font-weight: 400;\" aria-level=\"1\"><span style=\"font-weight: 400;\">Evaluaciones de riesgo y seguridad<\/span><\/li><li style=\"font-weight: 400;\" aria-level=\"1\"><span style=\"font-weight: 400;\">Listas de verificaci\u00f3n del comportamiento infantil y del impacto del trauma<\/span><\/li><li style=\"font-weight: 400;\" aria-level=\"1\"><span style=\"font-weight: 400;\">Herramientas de detecci\u00f3n del consumo de sustancias<\/span><\/li><\/ul><p><span style=\"font-weight: 400;\">Estas herramientas <\/span><b>espaldan los hallazgos cl\u00ednicos<\/b><span style=\"font-weight: 400;\"> y refuerzan la narrativa legal, pero <\/span><b>no<\/b><span style=\"font-weight: 400;\"> constituyen pruebas psicom\u00e9tricas o psicol\u00f3gicas de diagn\u00f3stico fuera del \u00e1mbito del m\u00e9dico.<\/span><\/p>\t\t\t\t\t\t\t\t<\/div>\n\t\t\t\t<\/div>\n\t\t<div class=\"elementor-element elementor-element-1d55e43 e-con-full e-flex e-con e-child\" data-id=\"1d55e43\" data-element_type=\"container\" data-e-type=\"container\">\n\t\t<div class=\"elementor-element elementor-element-471d04f e-con-full e-flex e-con e-child\" data-id=\"471d04f\" data-element_type=\"container\" data-e-type=\"container\">\n\t\t\t\t<div class=\"elementor-element elementor-element-10fb829 elementor-widget elementor-widget-heading\" data-id=\"10fb829\" data-element_type=\"widget\" data-e-type=\"widget\" data-widget_type=\"heading.default\">\n\t\t\t\t<div class=\"elementor-widget-container\">\n\t\t\t\t\t<h2 class=\"elementor-heading-title elementor-size-default\">NUESTRO PROCESO\n<\/h2>\t\t\t\t<\/div>\n\t\t\t\t<\/div>\n\t\t\t\t<div class=\"elementor-element elementor-element-1526cd0 elementor-widget elementor-widget-text-editor\" data-id=\"1526cd0\" data-element_type=\"widget\" data-e-type=\"widget\" data-widget_type=\"text-editor.default\">\n\t\t\t\t<div class=\"elementor-widget-container\">\n\t\t\t\t\t\t\t\t\t<p><span style=\"font-weight: 400;\">Damos prioridad a la compasi\u00f3n, la precisi\u00f3n cl\u00ednica y la eficiencia:<\/span><\/p><ol><li style=\"font-weight: 400;\" aria-level=\"1\"><b>El abogado o el cliente concierta una consulta<\/b><\/li><li style=\"font-weight: 400;\" aria-level=\"1\"><b>Revisi\u00f3n de documentos y antecedentes<\/b><\/li><li style=\"font-weight: 400;\" aria-level=\"1\"><b>Entrevista(s) cl\u00ednica(s) a trav\u00e9s de telesalud segura<\/b><span style=\"font-weight: 400;\"> via secure telehealth\u00a0<\/span><\/li><li style=\"font-weight: 400;\" aria-level=\"1\"><b>Entrevistas colaterales opcionales<\/b><\/li><li style=\"font-weight: 400;\" aria-level=\"1\"><b>Herramientas de detecci\u00f3n de s\u00edntomas, seg\u00fan corresponda<\/b><\/li><li style=\"font-weight: 400;\" aria-level=\"1\"><b>Entrega de un informe escrito completo al abogado<\/b><\/li><\/ol><p><span style=\"font-weight: 400;\">Opciones de entrega r\u00e1pida disponibles bajo petici\u00f3n.<\/span><\/p>\t\t\t\t\t\t\t\t<\/div>\n\t\t\t\t<\/div>\n\t\t\t\t<\/div>\n\t\t<div class=\"elementor-element elementor-element-875c577 e-con-full e-flex e-con e-child\" data-id=\"875c577\" data-element_type=\"container\" data-e-type=\"container\">\n\t\t\t\t<div class=\"elementor-element elementor-element-2114681 elementor-widget elementor-widget-heading\" data-id=\"2114681\" data-element_type=\"widget\" data-e-type=\"widget\" data-widget_type=\"heading.default\">\n\t\t\t\t<div class=\"elementor-widget-container\">\n\t\t\t\t\t<h2 class=\"elementor-heading-title elementor-size-default\">POR QU\u00c9 LOS ABOGADOS ELIGEN DOCURAPID\n<\/h2>\t\t\t\t<\/div>\n\t\t\t\t<\/div>\n\t\t\t\t<div class=\"elementor-element elementor-element-1cae477 elementor-icon-list--layout-traditional elementor-list-item-link-full_width elementor-widget elementor-widget-icon-list\" data-id=\"1cae477\" data-element_type=\"widget\" data-e-type=\"widget\" data-widget_type=\"icon-list.default\">\n\t\t\t\t<div class=\"elementor-widget-container\">\n\t\t\t\t\t\t\t<ul class=\"elementor-icon-list-items\">\n\t\t\t\t\t\t\t<li class=\"elementor-icon-list-item\">\n\t\t\t\t\t\t\t\t\t\t\t<span class=\"elementor-icon-list-icon\">\n\t\t\t\t\t\t\t<i aria-hidden=\"true\" class=\"fas fa-check\"><\/i>\t\t\t\t\t\t<\/span>\n\t\t\t\t\t\t\t\t\t\t<span class=\"elementor-icon-list-text\">Con licencia en Carolina del Norte y Florida (pr\u00f3ximamente en Arizona y Georgia)<\/span>\n\t\t\t\t\t\t\t\t\t<\/li>\n\t\t\t\t\t\t\t\t<li class=\"elementor-icon-list-item\">\n\t\t\t\t\t\t\t\t\t\t\t<span class=\"elementor-icon-list-icon\">\n\t\t\t\t\t\t\t<i aria-hidden=\"true\" class=\"fas fa-check\"><\/i>\t\t\t\t\t\t<\/span>\n\t\t\t\t\t\t\t\t\t\t<span class=\"elementor-icon-list-text\">Formaci\u00f3n avanzada del Instituto de Evaluaci\u00f3n de Inmigraci\u00f3n<\/span>\n\t\t\t\t\t\t\t\t\t<\/li>\n\t\t\t\t\t\t\t\t<li class=\"elementor-icon-list-item\">\n\t\t\t\t\t\t\t\t\t\t\t<span class=\"elementor-icon-list-icon\">\n\t\t\t\t\t\t\t<i aria-hidden=\"true\" class=\"fas fa-check\"><\/i>\t\t\t\t\t\t<\/span>\n\t\t\t\t\t\t\t\t\t\t<span class=\"elementor-icon-list-text\">Especialista en traumas con amplia experiencia con familias inmigrantes<\/span>\n\t\t\t\t\t\t\t\t\t<\/li>\n\t\t\t\t\t\t\t\t<li class=\"elementor-icon-list-item\">\n\t\t\t\t\t\t\t\t\t\t\t<span class=\"elementor-icon-list-icon\">\n\t\t\t\t\t\t\t<i aria-hidden=\"true\" class=\"fas fa-check\"><\/i>\t\t\t\t\t\t<\/span>\n\t\t\t\t\t\t\t\t\t\t<span class=\"elementor-icon-list-text\">Totalmente biling\u00fce (ingl\u00e9s y espa\u00f1ol)<\/span>\n\t\t\t\t\t\t\t\t\t<\/li>\n\t\t\t\t\t\t\t\t<li class=\"elementor-icon-list-item\">\n\t\t\t\t\t\t\t\t\t\t\t<span class=\"elementor-icon-list-icon\">\n\t\t\t\t\t\t\t<i aria-hidden=\"true\" class=\"fas fa-check\"><\/i>\t\t\t\t\t\t<\/span>\n\t\t\t\t\t\t\t\t\t\t<span class=\"elementor-icon-list-text\">Evaluaciones con base cultural y ricas en narrativa<\/span>\n\t\t\t\t\t\t\t\t\t<\/li>\n\t\t\t\t\t\t\t\t<li class=\"elementor-icon-list-item\">\n\t\t\t\t\t\t\t\t\t\t\t<span class=\"elementor-icon-list-icon\">\n\t\t\t\t\t\t\t<i aria-hidden=\"true\" class=\"fas fa-check\"><\/i>\t\t\t\t\t\t<\/span>\n\t\t\t\t\t\t\t\t\t\t<span class=\"elementor-icon-list-text\">Informes claros, bien estructurados y conformes con los requisitos del USCIS<\/span>\n\t\t\t\t\t\t\t\t\t<\/li>\n\t\t\t\t\t\t\t\t<li class=\"elementor-icon-list-item\">\n\t\t\t\t\t\t\t\t\t\t\t<span class=\"elementor-icon-list-icon\">\n\t\t\t\t\t\t\t<i aria-hidden=\"true\" class=\"fas fa-check\"><\/i>\t\t\t\t\t\t<\/span>\n\t\t\t\t\t\t\t\t\t\t<span class=\"elementor-icon-list-text\">Colaboraci\u00f3n con abogados para alinear la evaluaci\u00f3n con la estrategia legal<\/span>\n\t\t\t\t\t\t\t\t\t<\/li>\n\t\t\t\t\t\t<\/ul>\n\t\t\t\t\t\t<\/div>\n\t\t\t\t<\/div>\n\t\t\t\t<\/div>\n\t\t\t\t<\/div>\n\t\t\t\t<div class=\"elementor-element elementor-element-6a35b1a elementor-widget__width-initial elementor-widget elementor-widget-text-editor\" data-id=\"6a35b1a\" data-element_type=\"widget\" data-e-type=\"widget\" data-widget_type=\"text-editor.default\">\n\t\t\t\t<div class=\"elementor-widget-container\">\n\t\t\t\t\t\t\t\t\t<p><span style=\"font-weight: 400;\">Para programar una cita, consultar la disponibilidad o solicitar referencias de abogados, p\u00f3ngase en contacto con nosotros directamente. Los presupuestos se proporcionan en funci\u00f3n del tipo y la complejidad del caso.<\/span><\/p>\t\t\t\t\t\t\t\t<\/div>\n\t\t\t\t<\/div>\n\t\t\t\t<div class=\"elementor-element elementor-element-4bed3ff elementor-align-center elementor-widget elementor-widget-button\" data-id=\"4bed3ff\" data-element_type=\"widget\" data-e-type=\"widget\" data-widget_type=\"button.default\">\n\t\t\t\t<div class=\"elementor-widget-container\">\n\t\t\t\t\t\t\t\t\t<div class=\"elementor-button-wrapper\">\n\t\t\t\t\t<a class=\"elementor-button elementor-button-link elementor-size-sm elementor-animation-grow\" href=\"https:\/\/jenny-betancourt.clientsecure.me\" target=\"_blank\">\n\t\t\t\t\t\t<span class=\"elementor-button-content-wrapper\">\n\t\t\t\t\t\t\t\t\t<span class=\"elementor-button-text\">SOLICITE UNA EVALUACI\u00d3N<\/span>\n\t\t\t\t\t<\/span>\n\t\t\t\t\t<\/a>\n\t\t\t\t<\/div>\n\t\t\t\t\t\t\t\t<\/div>\n\t\t\t\t<\/div>\n\t\t\t\t\t<\/div>\n\t\t\t\t<\/div>\n\t\t\t\t\t<\/div>\n\t\t\t\t<\/div>\n\t\t<div class=\"elementor-element elementor-element-d7acd43 e-con-full e-flex e-con e-parent\" data-id=\"d7acd43\" data-element_type=\"container\" data-e-type=\"container\" data-settings=\"{&quot;background_background&quot;:&quot;classic&quot;}\">\n\t\t\t\t<div class=\"elementor-element elementor-element-0159f3c elementor-widget elementor-widget-spacer\" data-id=\"0159f3c\" data-element_type=\"widget\" data-e-type=\"widget\" data-widget_type=\"spacer.default\">\n\t\t\t\t<div class=\"elementor-widget-container\">\n\t\t\t\t\t\t\t<div class=\"elementor-spacer\">\n\t\t\t<div class=\"elementor-spacer-inner\"><\/div>\n\t\t<\/div>\n\t\t\t\t\t\t<\/div>\n\t\t\t\t<\/div>\n\t\t\t\t<\/div>\n\t\t\t\t<\/div>","protected":false},"excerpt":{"rendered":"<p>Immigration &amp; Forensic Clinical Evaluations Trauma-Informed \u2022 Culturally Competent \u2022 Evidence-Driven \u2022 Bilingual (English\/Spanish) At DocuRapid, we provide comprehensive psychosocial and trauma-informed evaluations tailored to immigration and forensic contexts. Our assessments are conducted by a licensed clinician with advanced training in trauma, immigrant populations, and immigration-based evaluations. All evaluations are fully compliant with USCIS requirements, [&hellip;]<\/p>\n","protected":false},"author":1,"featured_media":0,"parent":0,"menu_order":0,"comment_status":"closed","ping_status":"closed","template":"elementor_theme","meta":{"_joinchat":[],"footnotes":""},"class_list":["post-5515","page","type-page","status-publish","hentry"],"_links":{"self":[{"href":"https:\/\/docurapid.com\/es\/wp-json\/wp\/v2\/pages\/5515","targetHints":{"allow":["GET"]}}],"collection":[{"href":"https:\/\/docurapid.com\/es\/wp-json\/wp\/v2\/pages"}],"about":[{"href":"https:\/\/docurapid.com\/es\/wp-json\/wp\/v2\/types\/page"}],"author":[{"embeddable":true,"href":"https:\/\/docurapid.com\/es\/wp-json\/wp\/v2\/users\/1"}],"replies":[{"embeddable":true,"href":"https:\/\/docurapid.com\/es\/wp-json\/wp\/v2\/comments?post=5515"}],"version-history":[{"count":12,"href":"https:\/\/docurapid.com\/es\/wp-json\/wp\/v2\/pages\/5515\/revisions"}],"predecessor-version":[{"id":5537,"href":"https:\/\/docurapid.com\/es\/wp-json\/wp\/v2\/pages\/5515\/revisions\/5537"}],"wp:attachment":[{"href":"https:\/\/docurapid.com\/es\/wp-json\/wp\/v2\/media?parent=5515"}],"curies":[{"name":"wp","href":"https:\/\/api.w.org\/{rel}","templated":true}]}}