{"id":458,"date":"2023-08-30T17:06:00","date_gmt":"2023-08-30T17:06:00","guid":{"rendered":"https:\/\/docurapid.com\/?page_id=458"},"modified":"2025-11-25T19:28:02","modified_gmt":"2025-11-25T19:28:02","slug":"terms-and-conditions","status":"publish","type":"page","link":"https:\/\/docurapid.com\/es\/terms-and-conditions","title":{"rendered":"T\u00e9rminos y Condiciones"},"content":{"rendered":"<div data-elementor-type=\"wp-page\" data-elementor-id=\"458\" class=\"elementor elementor-458\" data-elementor-post-type=\"page\">\n\t\t\t\t<div class=\"elementor-element elementor-element-c5e53b4 e-flex e-con-boxed e-con e-parent\" data-id=\"c5e53b4\" data-element_type=\"container\" data-e-type=\"container\" data-settings=\"{&quot;background_background&quot;:&quot;classic&quot;}\">\n\t\t\t\t\t<div class=\"e-con-inner\">\n\t\t<div class=\"elementor-element elementor-element-2bca224 e-flex e-con-boxed e-con e-child\" data-id=\"2bca224\" data-element_type=\"container\" data-e-type=\"container\" data-settings=\"{&quot;background_background&quot;:&quot;classic&quot;}\">\n\t\t\t\t\t<div class=\"e-con-inner\">\n\t\t\t\t<div class=\"elementor-element elementor-element-6a2f036 elementor-widget elementor-widget-heading\" data-id=\"6a2f036\" data-element_type=\"widget\" data-e-type=\"widget\" data-widget_type=\"heading.default\">\n\t\t\t\t<div class=\"elementor-widget-container\">\n\t\t\t\t\t<h2 class=\"elementor-heading-title elementor-size-default\">T\u00e9rminos y Condiciones\n<\/h2>\t\t\t\t<\/div>\n\t\t\t\t<\/div>\n\t\t\t\t<div class=\"elementor-element elementor-element-e8fb07b elementor-widget elementor-widget-text-editor\" data-id=\"e8fb07b\" data-element_type=\"widget\" data-e-type=\"widget\" data-widget_type=\"text-editor.default\">\n\t\t\t\t<div class=\"elementor-widget-container\">\n\t\t\t\t\t\t\t\t\t<p><strong>INFORMACI\u00d3N IMPORTANTE PARA EL USUARIO.<\/strong><\/p><p>EL ACCESO A ESTE SITIO WEB O LA VISUALIZACI\u00d3N DE CUALQUIERA DE SUS CONTENIDOS CONSTITUIR\u00c1 SU ACEPTACI\u00d3N DE LOS SIGUIENTES T\u00c9RMINOS.<\/p><p><b>Use of Information and Materials<\/b><b>.<\/b><\/p><p><span style=\"font-weight: 400;\">Cualquier persona podr\u00e1 acceder a la informaci\u00f3n disponible en este sitio web solo con fines informativos. Ninguna parte de esta informaci\u00f3n puede ser redistribuida, copiada o reproducida sin el consentimiento previo por escrito de DOCURAPID CORP\u00ae. La informaci\u00f3n de productos y tarifas presentadas en esta web representa las ofertas \u00daNICAMENTE de DOCURAPID CORP\u00ae a partir de la creaci\u00f3n y actualizaciones peri\u00f3dicas. Las normas, regulaciones, listas de precios y compromisos de servicio actualmente vigentes tienen prioridad sobre cualquier informaci\u00f3n contenida en este sitio web. La informaci\u00f3n contenida en esta p\u00e1gina web est\u00e1 sujeta a cambios sin previo aviso.<\/span><\/p><p><span style=\"font-weight: 400;\">DOCURAPID CORP\u00ae, ni ning\u00fan oficial de DOCURAPID CORP\u00ae est\u00e1 actuando como asesor al publicar cualquier informaci\u00f3n contenida en este sitio web.<\/span><\/p><p><b>Garant\u00edas<\/b><\/p><p><span style=\"font-weight: 400;\">La informaci\u00f3n y los materiales contenidos en el sitio web se proporcionan \u201ctal cual\u201d sin garant\u00eda de ning\u00fan tipo, ya sea expresa o impl\u00edcita, incluyendo, sin limitaci\u00f3n, cualquier garant\u00eda de exactitud, adecuaci\u00f3n o integridad de la informaci\u00f3n y los materiales, t\u00edtulo, no infracci\u00f3n de los derechos de terceros, comerciabilidad, idoneidad para un prop\u00f3sito particular y ausencia de virus inform\u00e1ticos.<\/span><\/p><p><b>Enlaces de Terceros<\/b><\/p><p><span style=\"font-weight: 400;\">DOCURAPID CORP\u00ae se complace en poner a su disposici\u00f3n enlaces a otros sitios en la World Wide Web. DOCURAPID CORP\u00ae cree que los enlaces contenidos en sus p\u00e1ginas son a empresas de buena reputaci\u00f3n. Sin embargo, DOCURAPID CORP\u00ae no hace representaciones o garant\u00edas con respecto a los sitios que no son de DOCURAPID o las compa\u00f1\u00edas que los mantienen. DOCURAPID CORP\u00ae no controla ni supervisa dichos sitios web y DOCURAPID CORP\u00ae no respalda el contenido o el uso de dichos sitios web. Si elige acceder a sitios web que no son de DOCURAPID CORP\u00ae a trav\u00e9s de enlaces en nuestras p\u00e1ginas, acepta la responsabilidad de todos los riesgos relacionados a esas web.<\/span><\/p><p><b>Limitaci\u00f3n de Responsabilidad<\/b><\/p><p><span style=\"font-weight: 400;\">En ning\u00fan caso DOCURAPID CORP\u00ae ser\u00e1 responsables de ning\u00fan da\u00f1o, p\u00e9rdida o gasto, incluidos, entre otros, da\u00f1os directos o indirectos, especiales, incidentales o consecuentes que surjan en relaci\u00f3n con este sitio web, el uso del mismo o la confianza en cualquier informaci\u00f3n contenida en este documento.<\/span><\/p><p><b>Elecci\u00f3n de la Ley; Inejecutabilidad.<\/b><\/p><p><span style=\"font-weight: 400;\">Su acceso y uso de este sitio web, y estos t\u00e9rminos, se rigen y se interpretar\u00e1n de acuerdo con las leyes del Estado de La Florida, Estados Unidos de Norteam\u00e9rica, sin tener en cuenta los principios de conflictos de leyes. En el caso de que alguna disposici\u00f3n de estos t\u00e9rminos se considere inaplicable, la validez o aplicabilidad de las disposiciones restantes no se ver\u00e1 afectada, y la disposici\u00f3n inaplicable ser\u00e1 reemplazada por una disposici\u00f3n ejecutable que se acerque m\u00e1s a la intenci\u00f3n subyacente a la disposici\u00f3n inaplicable.<\/span><\/p><p><b>Marcas<\/b><\/p><p><span style=\"font-weight: 400;\">DOCURAPID es una marca de servicio de DOCURAPID CORP\u00ae. Otras palabras o s\u00edmbolos destacados utilizados en este sitio web para identificar los bienes y servicios de otras partes pueden ser marcas comerciales o marcas de servicio de esas otras partes.<\/span><\/p><p><b>Pol\u00edticas de Captura de Datos<\/b><\/p><p><span style=\"font-weight: 400;\">Tenga en cuenta que recogemos y almacenamos cierta informaci\u00f3n limitada relacionada con sus visitas e interacciones con nuestro sitio. A continuaci\u00f3n, se indica qu\u00e9 informaci\u00f3n recopilamos y c\u00f3mo la utilizamos.<\/span><\/p><p><b>Lo que Capturamos cuando Navega por Nuestro Sitio:<\/b><\/p><p><span style=\"font-weight: 400;\">Si durante su visita no hace nada m\u00e1s que navegar, leer contenidos o descargar informaci\u00f3n, recopilaremos y almacenaremos cierta informaci\u00f3n limitada sobre su visita. Recogemos y almacenamos autom\u00e1ticamente la siguiente informaci\u00f3n sobre su visita:<\/span><\/p><p><span style=\"font-weight: 400;\">La fecha y hora de su visita;<\/span><\/p><p><span style=\"font-weight: 400;\">La direcci\u00f3n de correo electr\u00f3nico y el contenido de los mensajes de quienes se comunican con nosotros por correo electr\u00f3nico;<\/span><\/p><p><span style=\"font-weight: 400;\">Datos facilitados voluntariamente al registrarse en nuestro sitio Web;<\/span><\/p><p><span style=\"font-weight: 400;\">La informaci\u00f3n facilitada voluntariamente a trav\u00e9s de un formulario en l\u00ednea para cualquier fin, relacionados con los servicios que prestamos, las autorizaciones de pago, el uso de nuestros formularios de pedido en l\u00ednea para solicitar servicios entre otros;<\/span><\/p><p><span style=\"font-weight: 400;\">Utilizaremos su correo electr\u00f3nico para responderle adecuadamente; enviarle copias de documentos. Esto puede ser para responderle o para abordar los problemas que pueda identificar, y como un medio para mejorar a\u00fan m\u00e1s nuestros servicios o sitio. Si tiene una cuenta con nosotros, tambi\u00e9n utilizaremos esta informaci\u00f3n para marketing y promociones, para lanzar encuestas sobre productos y, como servicio a\u00f1adido, para rellenar previamente los formularios de pedido en l\u00ednea y ahorrarle tiempo en el proceso de solicitud.<\/span><\/p><p><span style=\"font-weight: 400;\">Toda la informaci\u00f3n que recopilamos se conserva durante el tiempo que exige la ley o durante el tiempo necesario para fines comerciales leg\u00edtimos, el que sea m\u00e1s largo.<\/span><\/p><p><b>Uso y Divulgaci\u00f3n de Datos Recopilados:<\/b><\/p><p><span style=\"font-weight: 400;\">Su informaci\u00f3n ser\u00e1 utilizada solo para lo que se le ha requerido ya sea para medios de pago, compartir informaci\u00f3n con tercera persona involucrada en su caso o solo como medio de comunicaci\u00f3n entre la empresa y usted. Su informaci\u00f3n no ser\u00e1 compartida con otras empresas y solo ser\u00e1 suministrada a organismo judicial si la ley lo ordena.<\/span><\/p><p><span style=\"font-weight: 400;\">Docurapid Corp\u00ae, al igual que muchas empresas comerciales, emplea a otras empresas y personas para que realicen funciones espec\u00edficas en nuestro nombre. Algunos ejemplos son la entrega de documentos y paquetes, correo postal a direcciones de nuestros clientes. Estos proveedores s\u00f3lo tienen acceso a la informaci\u00f3n b\u00e1sica que necesitan para realizar sus funciones. No obstante, usted puede \"excluirse\" de este uso de su informaci\u00f3n en cualquier momento, pero hacerlo puede mermar nuestra capacidad para prestarle un servicio adecuado y r\u00e1pido y exitoso.<\/span><\/p><p><b>Informaci\u00f3n sobre Transacciones<\/b><\/p><p><span style=\"font-weight: 400;\">Si solicita informaci\u00f3n o se suscribe a los servicios que ofrecemos a trav\u00e9s de nuestro sitio web, le pediremos que rellene un formulario de pedido en el que se le solicitar\u00e1n determinados datos, incluidos datos de pago, como el n\u00famero y la fecha de caducidad de la tarjeta de cr\u00e9dito, as\u00ed como datos generales de contacto, facturaci\u00f3n y env\u00edo. Esta informaci\u00f3n es necesaria para completar la transacci\u00f3n y entregarle la informaci\u00f3n, productos o servicios solicitados y para cobrar el pago.Si solicita informaci\u00f3n o se suscribe a los servicios que ofrecemos a trav\u00e9s de nuestro sitio web, le pediremos que rellene un formulario de pedido en el que se le solicitar\u00e1n determinados datos, incluidos datos de pago, como el n\u00famero y la fecha de caducidad de la tarjeta de cr\u00e9dito, as\u00ed como datos generales de contacto, facturaci\u00f3n y env\u00edo. Esta informaci\u00f3n es necesaria para completar la transacci\u00f3n y entregarle la informaci\u00f3n, productos o servicios solicitados y para cobrar el pago.<\/span><\/p><p><span style=\"font-weight: 400;\">La informaci\u00f3n de la tarjeta de cr\u00e9dito que usted nos proporcione se facilitar\u00e1 a la empresa emisora de la tarjeta de cr\u00e9dito para completar su transacci\u00f3n, y Docurapid Corp\u00ae no garantiza ni hace declaraciones sobre el uso de su informaci\u00f3n por parte de estos terceros. Para su protecci\u00f3n, toda esta informaci\u00f3n es recopilada, y toda la informaci\u00f3n de la tarjeta de cr\u00e9dito es almacenada por Docurapid Corp\u00ae a trav\u00e9s de medios encriptados.<\/span><\/p><p><b>Revisi\u00f3n y Correcci\u00f3n de la Informaci\u00f3n de Identificaci\u00f3n Personal<\/b><\/p><p><span style=\"font-weight: 400;\">Puede ponerse en contacto con nosotros en relaci\u00f3n con cualquier dato de identificaci\u00f3n personal que recopilemos sobre usted utilizando la informaci\u00f3n que figura a continuaci\u00f3n (que tambi\u00e9n se encuentra en la secci\u00f3n Informaci\u00f3n de contacto al final de esta pol\u00edtica. Puede recomendarnos que modifiquemos los datos de identificaci\u00f3n personal que considere inexactos envi\u00e1ndonos un correo electr\u00f3nico o una solicitud por escrito que muestre de forma cre\u00edble la inexactitud. Tomaremos medidas razonables para verificar su identidad antes de concederle acceso o realizar correcciones.<\/span><\/p><p><b>Cookies<\/b><\/p><p><span style=\"font-weight: 400;\">Para servir a nuestros usuarios en l\u00ednea, utilizamos \"cookies\" y otras tecnolog\u00edas para recopilar pasivamente informaci\u00f3n demogr\u00e1fica, personalizar su experiencia de navegaci\u00f3n con nosotros, personalizar su experiencia en nuestro sitio y controlar los anuncios y otras actividades. Las cookies son peque\u00f1os archivos de datos transferidos a su ordenador por su navegador web. Utilizamos la funci\u00f3n de cookies \u00fanicamente para almacenar una etiqueta identificativa generada aleatoriamente en su ordenador o dispositivo electr\u00f3nico.<\/span><\/p><p><span style=\"font-weight: 400;\">Estas cookies son necesarias para que el sitio web funcione y no pueden desactivarse en nuestros sistemas. Por lo general, s\u00f3lo se establecen en respuesta a acciones realizadas por usted que equivalen a una solicitud de servicios, como configurar sus preferencias de privacidad, iniciar sesi\u00f3n o rellenar formularios. Puede configurar su navegador para que bloquee estas cookies o le avise de ellas, pero entonces algunas partes del sitio no funcionar\u00e1n. Estas cookies no almacenan informaci\u00f3n personal identificable.<\/span><\/p>\t\t\t\t\t\t\t\t<\/div>\n\t\t\t\t<\/div>\n\t\t\t\t\t<\/div>\n\t\t\t\t<\/div>\n\t\t\t\t\t<\/div>\n\t\t\t\t<\/div>\n\t\t<div class=\"elementor-element elementor-element-d7acd43 e-con-full e-flex e-con e-parent\" data-id=\"d7acd43\" data-element_type=\"container\" data-e-type=\"container\" data-settings=\"{&quot;background_background&quot;:&quot;classic&quot;}\">\n\t\t\t\t<div class=\"elementor-element elementor-element-0159f3c elementor-widget elementor-widget-spacer\" data-id=\"0159f3c\" data-element_type=\"widget\" data-e-type=\"widget\" data-widget_type=\"spacer.default\">\n\t\t\t\t<div class=\"elementor-widget-container\">\n\t\t\t\t\t\t\t<div class=\"elementor-spacer\">\n\t\t\t<div class=\"elementor-spacer-inner\"><\/div>\n\t\t<\/div>\n\t\t\t\t\t\t<\/div>\n\t\t\t\t<\/div>\n\t\t\t\t<\/div>\n\t\t\t\t<\/div>","protected":false},"excerpt":{"rendered":"<p>Terms and Conditions IMPORTANT INFORMATION FOR THE USER. ACCESS TO THIS WEBSITE OR VIEWING ANY OF ITS CONTENTS WILL CONSTITUTE YOUR ACCEPTANCE OF THE FOLLOWING TERMS. Use of Information and Materials. The information on this website may be accessed by anyone for informational purposes only. No part of this information may be redistributed, copied, or [&hellip;]<\/p>\n","protected":false},"author":1,"featured_media":0,"parent":0,"menu_order":0,"comment_status":"closed","ping_status":"closed","template":"elementor_theme","meta":{"_joinchat":[],"footnotes":""},"class_list":["post-458","page","type-page","status-publish","hentry"],"_links":{"self":[{"href":"https:\/\/docurapid.com\/es\/wp-json\/wp\/v2\/pages\/458","targetHints":{"allow":["GET"]}}],"collection":[{"href":"https:\/\/docurapid.com\/es\/wp-json\/wp\/v2\/pages"}],"about":[{"href":"https:\/\/docurapid.com\/es\/wp-json\/wp\/v2\/types\/page"}],"author":[{"embeddable":true,"href":"https:\/\/docurapid.com\/es\/wp-json\/wp\/v2\/users\/1"}],"replies":[{"embeddable":true,"href":"https:\/\/docurapid.com\/es\/wp-json\/wp\/v2\/comments?post=458"}],"version-history":[{"count":46,"href":"https:\/\/docurapid.com\/es\/wp-json\/wp\/v2\/pages\/458\/revisions"}],"predecessor-version":[{"id":5504,"href":"https:\/\/docurapid.com\/es\/wp-json\/wp\/v2\/pages\/458\/revisions\/5504"}],"wp:attachment":[{"href":"https:\/\/docurapid.com\/es\/wp-json\/wp\/v2\/media?parent=458"}],"curies":[{"name":"wp","href":"https:\/\/api.w.org\/{rel}","templated":true}]}}